{"id":450,"date":"2019-11-27T15:46:06","date_gmt":"2019-11-27T15:46:06","guid":{"rendered":"https:\/\/npatsourakis.ga\/testimonials\/"},"modified":"2021-01-22T18:01:43","modified_gmt":"2021-01-22T23:01:43","slug":"temoignages","status":"publish","type":"page","link":"https:\/\/jessicadire.com\/fr\/temoignages\/","title":{"rendered":"T\u00e9moignages"},"content":{"rendered":"<h3 class=\"mb-2 text-center text-md-left\">\u00c9crivez un t\u00e9moignage<\/h3>\n\n<div class=\"wpcf7 no-js\" id=\"wpcf7-f2786-o1\" lang=\"en-US\" dir=\"ltr\" data-wpcf7-id=\"2786\">\n<div class=\"screen-reader-response\"><p role=\"status\" aria-live=\"polite\" aria-atomic=\"true\"><\/p> <ul><\/ul><\/div>\n<form action=\"\/fr\/wp-json\/wp\/v2\/pages\/450#wpcf7-f2786-o1\" method=\"post\" class=\"wpcf7-form init\" aria-label=\"Contact form\" novalidate=\"novalidate\" data-status=\"init\">\n<fieldset class=\"hidden-fields-container\"><input type=\"hidden\" name=\"_wpcf7\" value=\"2786\" \/><input type=\"hidden\" name=\"_wpcf7_version\" value=\"6.1.5\" \/><input type=\"hidden\" name=\"_wpcf7_locale\" value=\"en_US\" \/><input type=\"hidden\" name=\"_wpcf7_unit_tag\" value=\"wpcf7-f2786-o1\" \/><input type=\"hidden\" name=\"_wpcf7_container_post\" value=\"0\" \/><input type=\"hidden\" name=\"_wpcf7_posted_data_hash\" value=\"\" \/><input type=\"hidden\" name=\"_wpcf7_recaptcha_response\" value=\"\" \/>\n<\/fieldset>\n<div class=\"row\">\n\t<div class=\"col-12 col-md-6\">\n\t\t<p><span class=\"wpcf7-form-control-wrap\" data-name=\"your-name\"><input size=\"40\" maxlength=\"400\" class=\"wpcf7-form-control wpcf7-text wpcf7-validates-as-required\" aria-required=\"true\" aria-invalid=\"false\" placeholder=\"Votre nom*\" value=\"\" type=\"text\" name=\"your-name\" \/><\/span>\n\t\t<\/p>\n\t<\/div>\n\t<div class=\"col-12 col-md-6\">\n\t\t<p><span class=\"wpcf7-form-control-wrap\" data-name=\"your-email\"><input size=\"40\" maxlength=\"400\" class=\"wpcf7-form-control wpcf7-email wpcf7-validates-as-required wpcf7-text wpcf7-validates-as-email\" aria-required=\"true\" aria-invalid=\"false\" placeholder=\"Votre courriel*\" value=\"\" type=\"email\" name=\"your-email\" \/><\/span>\n\t\t<\/p>\n\t<\/div>\n<\/div>\n<p><span class=\"wpcf7-form-control-wrap\" data-name=\"your-message\"><textarea cols=\"40\" rows=\"10\" maxlength=\"2000\" class=\"wpcf7-form-control wpcf7-textarea wpcf7-validates-as-required\" aria-required=\"true\" aria-invalid=\"false\" placeholder=\"Votre t\u00e9moignage\" name=\"your-message\"><\/textarea><\/span>\n<\/p>\n<p><button type=\"submit\" class=\"buttons buttons-light text-uppercase\">Soumettre<\/button>\n<\/p><div class=\"wpcf7-response-output\" aria-hidden=\"true\"><\/div>\n<\/form>\n<\/div>\n\n","protected":false},"excerpt":{"rendered":"<p>\u00c9crivez un t\u00e9moignage<\/p>\n","protected":false},"author":7,"featured_media":3133,"parent":0,"menu_order":0,"comment_status":"closed","ping_status":"closed","template":"template-testi.php","meta":{"_acf_changed":false,"footnotes":""},"class_list":["post-450","page","type-page","status-publish","has-post-thumbnail","hentry"],"acf":[],"yoast_head":"<!-- This site is optimized with the Yoast SEO plugin v27.5 - https:\/\/yoast.com\/product\/yoast-seo-wordpress\/ -->\n<title>T\u00e9moignages - Jessica Di Re<\/title>\n<meta name=\"description\" content=\"\u00c9tablie et reconnue dans la communaut\u00e9 comme courtier de style de vie, Jessica est connue pour son service professionnel et personnalis\u00e9 qu\u2019elle offre \u00e0 ses clients \u00e0 chaque \u00e9tape de leur parcours immobilier, que ce soit pour acheter leur premi\u00e8re maison, ou pour des investisseurs immobiliers chevronn\u00e9s.\" \/>\n<meta name=\"robots\" content=\"index, follow, max-snippet:-1, max-image-preview:large, max-video-preview:-1\" \/>\n<link rel=\"canonical\" href=\"https:\/\/jessicadire.com\/fr\/temoignages\/\" \/>\n<meta property=\"og:locale\" content=\"fr_FR\" \/>\n<meta property=\"og:type\" content=\"article\" \/>\n<meta property=\"og:title\" content=\"T\u00e9moignages - Jessica Di Re\" \/>\n<meta property=\"og:description\" content=\"\u00c9tablie et reconnue dans la communaut\u00e9 comme courtier de style de vie, Jessica est connue pour son service professionnel et personnalis\u00e9 qu\u2019elle offre \u00e0 ses clients \u00e0 chaque \u00e9tape de leur parcours immobilier, que ce soit pour acheter leur premi\u00e8re maison, ou pour des investisseurs immobiliers chevronn\u00e9s.\" \/>\n<meta property=\"og:url\" content=\"https:\/\/jessicadire.com\/fr\/temoignages\/\" \/>\n<meta property=\"og:site_name\" content=\"Jessica Di Re\" \/>\n<meta property=\"article:publisher\" content=\"https:\/\/www.facebook.com\/jessicadire.mtl\" \/>\n<meta property=\"article:modified_time\" content=\"2021-01-22T23:01:43+00:00\" \/>\n<meta property=\"og:image\" content=\"https:\/\/jessicadire.com\/wp-content\/uploads\/2021\/01\/testimonials_bg_02.jpg\" \/>\n\t<meta property=\"og:image:width\" content=\"1980\" \/>\n\t<meta property=\"og:image:height\" content=\"919\" \/>\n\t<meta property=\"og:image:type\" content=\"image\/jpeg\" \/>\n<meta name=\"twitter:card\" content=\"summary_large_image\" \/>\n<script type=\"application\/ld+json\" class=\"yoast-schema-graph\">{\"@context\":\"https:\\\/\\\/schema.org\",\"@graph\":[{\"@type\":\"WebPage\",\"@id\":\"https:\\\/\\\/jessicadire.com\\\/fr\\\/temoignages\\\/\",\"url\":\"https:\\\/\\\/jessicadire.com\\\/fr\\\/temoignages\\\/\",\"name\":\"T\u00e9moignages - Jessica Di Re\",\"isPartOf\":{\"@id\":\"https:\\\/\\\/jessicadire.com\\\/fr\\\/#website\"},\"primaryImageOfPage\":{\"@id\":\"https:\\\/\\\/jessicadire.com\\\/fr\\\/temoignages\\\/#primaryimage\"},\"image\":{\"@id\":\"https:\\\/\\\/jessicadire.com\\\/fr\\\/temoignages\\\/#primaryimage\"},\"thumbnailUrl\":\"https:\\\/\\\/jessicadire.com\\\/wp-content\\\/uploads\\\/2021\\\/01\\\/testimonials_bg_02.jpg\",\"datePublished\":\"2019-11-27T15:46:06+00:00\",\"dateModified\":\"2021-01-22T23:01:43+00:00\",\"description\":\"\u00c9tablie et reconnue dans la communaut\u00e9 comme courtier de style de vie, Jessica est connue pour son service professionnel et personnalis\u00e9 qu\u2019elle offre \u00e0 ses clients \u00e0 chaque \u00e9tape de leur parcours immobilier, que ce soit pour acheter leur premi\u00e8re maison, ou pour des investisseurs immobiliers chevronn\u00e9s.\",\"breadcrumb\":{\"@id\":\"https:\\\/\\\/jessicadire.com\\\/fr\\\/temoignages\\\/#breadcrumb\"},\"inLanguage\":\"fr-FR\",\"potentialAction\":[{\"@type\":\"ReadAction\",\"target\":[\"https:\\\/\\\/jessicadire.com\\\/fr\\\/temoignages\\\/\"]}]},{\"@type\":\"ImageObject\",\"inLanguage\":\"fr-FR\",\"@id\":\"https:\\\/\\\/jessicadire.com\\\/fr\\\/temoignages\\\/#primaryimage\",\"url\":\"https:\\\/\\\/jessicadire.com\\\/wp-content\\\/uploads\\\/2021\\\/01\\\/testimonials_bg_02.jpg\",\"contentUrl\":\"https:\\\/\\\/jessicadire.com\\\/wp-content\\\/uploads\\\/2021\\\/01\\\/testimonials_bg_02.jpg\",\"width\":1980,\"height\":919},{\"@type\":\"BreadcrumbList\",\"@id\":\"https:\\\/\\\/jessicadire.com\\\/fr\\\/temoignages\\\/#breadcrumb\",\"itemListElement\":[{\"@type\":\"ListItem\",\"position\":1,\"name\":\"Accueil\",\"item\":\"https:\\\/\\\/jessicadire.com\\\/fr\\\/\"},{\"@type\":\"ListItem\",\"position\":2,\"name\":\"T\u00e9moignages\"}]},{\"@type\":\"WebSite\",\"@id\":\"https:\\\/\\\/jessicadire.com\\\/fr\\\/#website\",\"url\":\"https:\\\/\\\/jessicadire.com\\\/fr\\\/\",\"name\":\"Jessicadire.com\",\"description\":\"Bespoke Service\",\"publisher\":{\"@id\":\"https:\\\/\\\/jessicadire.com\\\/fr\\\/#organization\"},\"potentialAction\":[{\"@type\":\"SearchAction\",\"target\":{\"@type\":\"EntryPoint\",\"urlTemplate\":\"https:\\\/\\\/jessicadire.com\\\/fr\\\/?s={search_term_string}\"},\"query-input\":{\"@type\":\"PropertyValueSpecification\",\"valueRequired\":true,\"valueName\":\"search_term_string\"}}],\"inLanguage\":\"fr-FR\"},{\"@type\":\"Organization\",\"@id\":\"https:\\\/\\\/jessicadire.com\\\/fr\\\/#organization\",\"name\":\"Jessica Di Re | West Island Real Estate Broker\",\"url\":\"https:\\\/\\\/jessicadire.com\\\/fr\\\/\",\"logo\":{\"@type\":\"ImageObject\",\"inLanguage\":\"fr-FR\",\"@id\":\"https:\\\/\\\/jessicadire.com\\\/fr\\\/#\\\/schema\\\/logo\\\/image\\\/\",\"url\":\"https:\\\/\\\/jessicadire.com\\\/wp-content\\\/uploads\\\/2021\\\/09\\\/JD_logo_box.png\",\"contentUrl\":\"https:\\\/\\\/jessicadire.com\\\/wp-content\\\/uploads\\\/2021\\\/09\\\/JD_logo_box.png\",\"width\":512,\"height\":512,\"caption\":\"Jessica Di Re | West Island Real Estate Broker\"},\"image\":{\"@id\":\"https:\\\/\\\/jessicadire.com\\\/fr\\\/#\\\/schema\\\/logo\\\/image\\\/\"},\"sameAs\":[\"https:\\\/\\\/www.facebook.com\\\/jessicadire.mtl\",\"https:\\\/\\\/www.instagram.com\\\/jessicadire\\\/\"]}]}<\/script>\n<!-- \/ Yoast SEO plugin. -->","yoast_head_json":{"title":"T\u00e9moignages - Jessica Di Re","description":"\u00c9tablie et reconnue dans la communaut\u00e9 comme courtier de style de vie, Jessica est connue pour son service professionnel et personnalis\u00e9 qu\u2019elle offre \u00e0 ses clients \u00e0 chaque \u00e9tape de leur parcours immobilier, que ce soit pour acheter leur premi\u00e8re maison, ou pour des investisseurs immobiliers chevronn\u00e9s.","robots":{"index":"index","follow":"follow","max-snippet":"max-snippet:-1","max-image-preview":"max-image-preview:large","max-video-preview":"max-video-preview:-1"},"canonical":"https:\/\/jessicadire.com\/fr\/temoignages\/","og_locale":"fr_FR","og_type":"article","og_title":"T\u00e9moignages - Jessica Di Re","og_description":"\u00c9tablie et reconnue dans la communaut\u00e9 comme courtier de style de vie, Jessica est connue pour son service professionnel et personnalis\u00e9 qu\u2019elle offre \u00e0 ses clients \u00e0 chaque \u00e9tape de leur parcours immobilier, que ce soit pour acheter leur premi\u00e8re maison, ou pour des investisseurs immobiliers chevronn\u00e9s.","og_url":"https:\/\/jessicadire.com\/fr\/temoignages\/","og_site_name":"Jessica Di Re","article_publisher":"https:\/\/www.facebook.com\/jessicadire.mtl","article_modified_time":"2021-01-22T23:01:43+00:00","og_image":[{"width":1980,"height":919,"url":"https:\/\/jessicadire.com\/wp-content\/uploads\/2021\/01\/testimonials_bg_02.jpg","type":"image\/jpeg"}],"twitter_card":"summary_large_image","schema":{"@context":"https:\/\/schema.org","@graph":[{"@type":"WebPage","@id":"https:\/\/jessicadire.com\/fr\/temoignages\/","url":"https:\/\/jessicadire.com\/fr\/temoignages\/","name":"T\u00e9moignages - Jessica Di Re","isPartOf":{"@id":"https:\/\/jessicadire.com\/fr\/#website"},"primaryImageOfPage":{"@id":"https:\/\/jessicadire.com\/fr\/temoignages\/#primaryimage"},"image":{"@id":"https:\/\/jessicadire.com\/fr\/temoignages\/#primaryimage"},"thumbnailUrl":"https:\/\/jessicadire.com\/wp-content\/uploads\/2021\/01\/testimonials_bg_02.jpg","datePublished":"2019-11-27T15:46:06+00:00","dateModified":"2021-01-22T23:01:43+00:00","description":"\u00c9tablie et reconnue dans la communaut\u00e9 comme courtier de style de vie, Jessica est connue pour son service professionnel et personnalis\u00e9 qu\u2019elle offre \u00e0 ses clients \u00e0 chaque \u00e9tape de leur parcours immobilier, que ce soit pour acheter leur premi\u00e8re maison, ou pour des investisseurs immobiliers chevronn\u00e9s.","breadcrumb":{"@id":"https:\/\/jessicadire.com\/fr\/temoignages\/#breadcrumb"},"inLanguage":"fr-FR","potentialAction":[{"@type":"ReadAction","target":["https:\/\/jessicadire.com\/fr\/temoignages\/"]}]},{"@type":"ImageObject","inLanguage":"fr-FR","@id":"https:\/\/jessicadire.com\/fr\/temoignages\/#primaryimage","url":"https:\/\/jessicadire.com\/wp-content\/uploads\/2021\/01\/testimonials_bg_02.jpg","contentUrl":"https:\/\/jessicadire.com\/wp-content\/uploads\/2021\/01\/testimonials_bg_02.jpg","width":1980,"height":919},{"@type":"BreadcrumbList","@id":"https:\/\/jessicadire.com\/fr\/temoignages\/#breadcrumb","itemListElement":[{"@type":"ListItem","position":1,"name":"Accueil","item":"https:\/\/jessicadire.com\/fr\/"},{"@type":"ListItem","position":2,"name":"T\u00e9moignages"}]},{"@type":"WebSite","@id":"https:\/\/jessicadire.com\/fr\/#website","url":"https:\/\/jessicadire.com\/fr\/","name":"Jessicadire.com","description":"Bespoke Service","publisher":{"@id":"https:\/\/jessicadire.com\/fr\/#organization"},"potentialAction":[{"@type":"SearchAction","target":{"@type":"EntryPoint","urlTemplate":"https:\/\/jessicadire.com\/fr\/?s={search_term_string}"},"query-input":{"@type":"PropertyValueSpecification","valueRequired":true,"valueName":"search_term_string"}}],"inLanguage":"fr-FR"},{"@type":"Organization","@id":"https:\/\/jessicadire.com\/fr\/#organization","name":"Jessica Di Re | West Island Real Estate Broker","url":"https:\/\/jessicadire.com\/fr\/","logo":{"@type":"ImageObject","inLanguage":"fr-FR","@id":"https:\/\/jessicadire.com\/fr\/#\/schema\/logo\/image\/","url":"https:\/\/jessicadire.com\/wp-content\/uploads\/2021\/09\/JD_logo_box.png","contentUrl":"https:\/\/jessicadire.com\/wp-content\/uploads\/2021\/09\/JD_logo_box.png","width":512,"height":512,"caption":"Jessica Di Re | West Island Real Estate Broker"},"image":{"@id":"https:\/\/jessicadire.com\/fr\/#\/schema\/logo\/image\/"},"sameAs":["https:\/\/www.facebook.com\/jessicadire.mtl","https:\/\/www.instagram.com\/jessicadire\/"]}]}},"_links":{"self":[{"href":"https:\/\/jessicadire.com\/fr\/wp-json\/wp\/v2\/pages\/450","targetHints":{"allow":["GET"]}}],"collection":[{"href":"https:\/\/jessicadire.com\/fr\/wp-json\/wp\/v2\/pages"}],"about":[{"href":"https:\/\/jessicadire.com\/fr\/wp-json\/wp\/v2\/types\/page"}],"author":[{"embeddable":true,"href":"https:\/\/jessicadire.com\/fr\/wp-json\/wp\/v2\/users\/7"}],"replies":[{"embeddable":true,"href":"https:\/\/jessicadire.com\/fr\/wp-json\/wp\/v2\/comments?post=450"}],"version-history":[{"count":5,"href":"https:\/\/jessicadire.com\/fr\/wp-json\/wp\/v2\/pages\/450\/revisions"}],"predecessor-version":[{"id":3240,"href":"https:\/\/jessicadire.com\/fr\/wp-json\/wp\/v2\/pages\/450\/revisions\/3240"}],"wp:featuredmedia":[{"embeddable":true,"href":"https:\/\/jessicadire.com\/fr\/wp-json\/wp\/v2\/media\/3133"}],"wp:attachment":[{"href":"https:\/\/jessicadire.com\/fr\/wp-json\/wp\/v2\/media?parent=450"}],"curies":[{"name":"wp","href":"https:\/\/api.w.org\/{rel}","templated":true}]}}