{"id":3082,"date":"2021-01-08T17:19:47","date_gmt":"2021-01-08T22:19:47","guid":{"rendered":"https:\/\/jessicadire.com\/?page_id=3082"},"modified":"2022-08-10T16:47:17","modified_gmt":"2022-08-10T21:47:17","slug":"conseils-aux-acheteurs","status":"publish","type":"page","link":"https:\/\/jessicadire.com\/fr\/conseils-aux-acheteurs\/","title":{"rendered":"Conseils immobiliers aux acheteurs"},"content":{"rendered":"","protected":false},"excerpt":{"rendered":"","protected":false},"author":7,"featured_media":3097,"parent":0,"menu_order":0,"comment_status":"closed","ping_status":"closed","template":"page-tips.php","meta":{"_acf_changed":false,"footnotes":""},"class_list":["post-3082","page","type-page","status-publish","has-post-thumbnail","hentry"],"acf":[],"yoast_head":"<!-- This site is optimized with the Yoast SEO plugin v27.5 - https:\/\/yoast.com\/product\/yoast-seo-wordpress\/ -->\n<title>Conseils immobiliers aux acheteurs - Pour \u00e9viter des erreurs fr\u00e9quentes<\/title>\n<meta name=\"description\" content=\"Voici les conseils immobiliers que je partage avec tous mes acheteurs pour leur \u00e9viter des erreurs graves et co\u00fbteuses dans le march\u00e9.\" \/>\n<meta name=\"robots\" content=\"index, follow, max-snippet:-1, max-image-preview:large, max-video-preview:-1\" \/>\n<link rel=\"canonical\" href=\"https:\/\/jessicadire.com\/fr\/conseils-aux-acheteurs\/\" \/>\n<meta property=\"og:locale\" content=\"fr_FR\" \/>\n<meta property=\"og:type\" content=\"article\" \/>\n<meta property=\"og:title\" content=\"Conseils immobiliers aux acheteurs - Pour \u00e9viter des erreurs fr\u00e9quentes\" \/>\n<meta property=\"og:description\" content=\"Voici les conseils immobiliers que je partage avec tous mes acheteurs pour leur \u00e9viter des erreurs graves et co\u00fbteuses dans le march\u00e9.\" \/>\n<meta property=\"og:url\" content=\"https:\/\/jessicadire.com\/fr\/conseils-aux-acheteurs\/\" \/>\n<meta property=\"og:site_name\" content=\"Jessica Di Re\" \/>\n<meta property=\"article:publisher\" content=\"https:\/\/www.facebook.com\/jessicadire.mtl\" \/>\n<meta property=\"article:modified_time\" content=\"2022-08-10T21:47:17+00:00\" \/>\n<meta property=\"og:image\" content=\"https:\/\/jessicadire.com\/wp-content\/uploads\/2021\/01\/buyer_tips_bg_01.jpg\" \/>\n\t<meta property=\"og:image:width\" content=\"1980\" \/>\n\t<meta property=\"og:image:height\" content=\"1058\" \/>\n\t<meta property=\"og:image:type\" content=\"image\/jpeg\" \/>\n<meta name=\"twitter:card\" content=\"summary_large_image\" \/>\n<script type=\"application\/ld+json\" class=\"yoast-schema-graph\">{\"@context\":\"https:\\\/\\\/schema.org\",\"@graph\":[{\"@type\":\"WebPage\",\"@id\":\"https:\\\/\\\/jessicadire.com\\\/fr\\\/conseils-aux-acheteurs\\\/\",\"url\":\"https:\\\/\\\/jessicadire.com\\\/fr\\\/conseils-aux-acheteurs\\\/\",\"name\":\"Conseils immobiliers aux acheteurs - Pour \u00e9viter des erreurs fr\u00e9quentes\",\"isPartOf\":{\"@id\":\"https:\\\/\\\/jessicadire.com\\\/fr\\\/#website\"},\"primaryImageOfPage\":{\"@id\":\"https:\\\/\\\/jessicadire.com\\\/fr\\\/conseils-aux-acheteurs\\\/#primaryimage\"},\"image\":{\"@id\":\"https:\\\/\\\/jessicadire.com\\\/fr\\\/conseils-aux-acheteurs\\\/#primaryimage\"},\"thumbnailUrl\":\"https:\\\/\\\/jessicadire.com\\\/wp-content\\\/uploads\\\/2021\\\/01\\\/buyer_tips_bg_01.jpg\",\"datePublished\":\"2021-01-08T22:19:47+00:00\",\"dateModified\":\"2022-08-10T21:47:17+00:00\",\"description\":\"Voici les conseils immobiliers que je partage avec tous mes acheteurs pour leur \u00e9viter des erreurs graves et co\u00fbteuses dans le march\u00e9.\",\"breadcrumb\":{\"@id\":\"https:\\\/\\\/jessicadire.com\\\/fr\\\/conseils-aux-acheteurs\\\/#breadcrumb\"},\"inLanguage\":\"fr-FR\",\"potentialAction\":[{\"@type\":\"ReadAction\",\"target\":[\"https:\\\/\\\/jessicadire.com\\\/fr\\\/conseils-aux-acheteurs\\\/\"]}]},{\"@type\":\"ImageObject\",\"inLanguage\":\"fr-FR\",\"@id\":\"https:\\\/\\\/jessicadire.com\\\/fr\\\/conseils-aux-acheteurs\\\/#primaryimage\",\"url\":\"https:\\\/\\\/jessicadire.com\\\/wp-content\\\/uploads\\\/2021\\\/01\\\/buyer_tips_bg_01.jpg\",\"contentUrl\":\"https:\\\/\\\/jessicadire.com\\\/wp-content\\\/uploads\\\/2021\\\/01\\\/buyer_tips_bg_01.jpg\",\"width\":1980,\"height\":1058,\"caption\":\"Header image for the home buyers tips page featuring a warm and beautiful living room decor with wooden staircase and large windows from a home for sale in Pointe-Claire. Conseils immobiliers aux acheteurs du grand Montr\u00e9al.\"},{\"@type\":\"BreadcrumbList\",\"@id\":\"https:\\\/\\\/jessicadire.com\\\/fr\\\/conseils-aux-acheteurs\\\/#breadcrumb\",\"itemListElement\":[{\"@type\":\"ListItem\",\"position\":1,\"name\":\"Accueil\",\"item\":\"https:\\\/\\\/jessicadire.com\\\/fr\\\/\"},{\"@type\":\"ListItem\",\"position\":2,\"name\":\"Conseils immobiliers aux acheteurs\"}]},{\"@type\":\"WebSite\",\"@id\":\"https:\\\/\\\/jessicadire.com\\\/fr\\\/#website\",\"url\":\"https:\\\/\\\/jessicadire.com\\\/fr\\\/\",\"name\":\"Jessicadire.com\",\"description\":\"Bespoke Service\",\"publisher\":{\"@id\":\"https:\\\/\\\/jessicadire.com\\\/fr\\\/#organization\"},\"potentialAction\":[{\"@type\":\"SearchAction\",\"target\":{\"@type\":\"EntryPoint\",\"urlTemplate\":\"https:\\\/\\\/jessicadire.com\\\/fr\\\/?s={search_term_string}\"},\"query-input\":{\"@type\":\"PropertyValueSpecification\",\"valueRequired\":true,\"valueName\":\"search_term_string\"}}],\"inLanguage\":\"fr-FR\"},{\"@type\":\"Organization\",\"@id\":\"https:\\\/\\\/jessicadire.com\\\/fr\\\/#organization\",\"name\":\"Jessica Di Re | West Island Real Estate Broker\",\"url\":\"https:\\\/\\\/jessicadire.com\\\/fr\\\/\",\"logo\":{\"@type\":\"ImageObject\",\"inLanguage\":\"fr-FR\",\"@id\":\"https:\\\/\\\/jessicadire.com\\\/fr\\\/#\\\/schema\\\/logo\\\/image\\\/\",\"url\":\"https:\\\/\\\/jessicadire.com\\\/wp-content\\\/uploads\\\/2021\\\/09\\\/JD_logo_box.png\",\"contentUrl\":\"https:\\\/\\\/jessicadire.com\\\/wp-content\\\/uploads\\\/2021\\\/09\\\/JD_logo_box.png\",\"width\":512,\"height\":512,\"caption\":\"Jessica Di Re | West Island Real Estate Broker\"},\"image\":{\"@id\":\"https:\\\/\\\/jessicadire.com\\\/fr\\\/#\\\/schema\\\/logo\\\/image\\\/\"},\"sameAs\":[\"https:\\\/\\\/www.facebook.com\\\/jessicadire.mtl\",\"https:\\\/\\\/www.instagram.com\\\/jessicadire\\\/\"]}]}<\/script>\n<!-- \/ Yoast SEO plugin. -->","yoast_head_json":{"title":"Conseils immobiliers aux acheteurs - Pour \u00e9viter des erreurs fr\u00e9quentes","description":"Voici les conseils immobiliers que je partage avec tous mes acheteurs pour leur \u00e9viter des erreurs graves et co\u00fbteuses dans le march\u00e9.","robots":{"index":"index","follow":"follow","max-snippet":"max-snippet:-1","max-image-preview":"max-image-preview:large","max-video-preview":"max-video-preview:-1"},"canonical":"https:\/\/jessicadire.com\/fr\/conseils-aux-acheteurs\/","og_locale":"fr_FR","og_type":"article","og_title":"Conseils immobiliers aux acheteurs - Pour \u00e9viter des erreurs fr\u00e9quentes","og_description":"Voici les conseils immobiliers que je partage avec tous mes acheteurs pour leur \u00e9viter des erreurs graves et co\u00fbteuses dans le march\u00e9.","og_url":"https:\/\/jessicadire.com\/fr\/conseils-aux-acheteurs\/","og_site_name":"Jessica Di Re","article_publisher":"https:\/\/www.facebook.com\/jessicadire.mtl","article_modified_time":"2022-08-10T21:47:17+00:00","og_image":[{"width":1980,"height":1058,"url":"https:\/\/jessicadire.com\/wp-content\/uploads\/2021\/01\/buyer_tips_bg_01.jpg","type":"image\/jpeg"}],"twitter_card":"summary_large_image","schema":{"@context":"https:\/\/schema.org","@graph":[{"@type":"WebPage","@id":"https:\/\/jessicadire.com\/fr\/conseils-aux-acheteurs\/","url":"https:\/\/jessicadire.com\/fr\/conseils-aux-acheteurs\/","name":"Conseils immobiliers aux acheteurs - Pour \u00e9viter des erreurs fr\u00e9quentes","isPartOf":{"@id":"https:\/\/jessicadire.com\/fr\/#website"},"primaryImageOfPage":{"@id":"https:\/\/jessicadire.com\/fr\/conseils-aux-acheteurs\/#primaryimage"},"image":{"@id":"https:\/\/jessicadire.com\/fr\/conseils-aux-acheteurs\/#primaryimage"},"thumbnailUrl":"https:\/\/jessicadire.com\/wp-content\/uploads\/2021\/01\/buyer_tips_bg_01.jpg","datePublished":"2021-01-08T22:19:47+00:00","dateModified":"2022-08-10T21:47:17+00:00","description":"Voici les conseils immobiliers que je partage avec tous mes acheteurs pour leur \u00e9viter des erreurs graves et co\u00fbteuses dans le march\u00e9.","breadcrumb":{"@id":"https:\/\/jessicadire.com\/fr\/conseils-aux-acheteurs\/#breadcrumb"},"inLanguage":"fr-FR","potentialAction":[{"@type":"ReadAction","target":["https:\/\/jessicadire.com\/fr\/conseils-aux-acheteurs\/"]}]},{"@type":"ImageObject","inLanguage":"fr-FR","@id":"https:\/\/jessicadire.com\/fr\/conseils-aux-acheteurs\/#primaryimage","url":"https:\/\/jessicadire.com\/wp-content\/uploads\/2021\/01\/buyer_tips_bg_01.jpg","contentUrl":"https:\/\/jessicadire.com\/wp-content\/uploads\/2021\/01\/buyer_tips_bg_01.jpg","width":1980,"height":1058,"caption":"Header image for the home buyers tips page featuring a warm and beautiful living room decor with wooden staircase and large windows from a home for sale in Pointe-Claire. Conseils immobiliers aux acheteurs du grand Montr\u00e9al."},{"@type":"BreadcrumbList","@id":"https:\/\/jessicadire.com\/fr\/conseils-aux-acheteurs\/#breadcrumb","itemListElement":[{"@type":"ListItem","position":1,"name":"Accueil","item":"https:\/\/jessicadire.com\/fr\/"},{"@type":"ListItem","position":2,"name":"Conseils immobiliers aux acheteurs"}]},{"@type":"WebSite","@id":"https:\/\/jessicadire.com\/fr\/#website","url":"https:\/\/jessicadire.com\/fr\/","name":"Jessicadire.com","description":"Bespoke Service","publisher":{"@id":"https:\/\/jessicadire.com\/fr\/#organization"},"potentialAction":[{"@type":"SearchAction","target":{"@type":"EntryPoint","urlTemplate":"https:\/\/jessicadire.com\/fr\/?s={search_term_string}"},"query-input":{"@type":"PropertyValueSpecification","valueRequired":true,"valueName":"search_term_string"}}],"inLanguage":"fr-FR"},{"@type":"Organization","@id":"https:\/\/jessicadire.com\/fr\/#organization","name":"Jessica Di Re | West Island Real Estate Broker","url":"https:\/\/jessicadire.com\/fr\/","logo":{"@type":"ImageObject","inLanguage":"fr-FR","@id":"https:\/\/jessicadire.com\/fr\/#\/schema\/logo\/image\/","url":"https:\/\/jessicadire.com\/wp-content\/uploads\/2021\/09\/JD_logo_box.png","contentUrl":"https:\/\/jessicadire.com\/wp-content\/uploads\/2021\/09\/JD_logo_box.png","width":512,"height":512,"caption":"Jessica Di Re | West Island Real Estate Broker"},"image":{"@id":"https:\/\/jessicadire.com\/fr\/#\/schema\/logo\/image\/"},"sameAs":["https:\/\/www.facebook.com\/jessicadire.mtl","https:\/\/www.instagram.com\/jessicadire\/"]}]}},"_links":{"self":[{"href":"https:\/\/jessicadire.com\/fr\/wp-json\/wp\/v2\/pages\/3082","targetHints":{"allow":["GET"]}}],"collection":[{"href":"https:\/\/jessicadire.com\/fr\/wp-json\/wp\/v2\/pages"}],"about":[{"href":"https:\/\/jessicadire.com\/fr\/wp-json\/wp\/v2\/types\/page"}],"author":[{"embeddable":true,"href":"https:\/\/jessicadire.com\/fr\/wp-json\/wp\/v2\/users\/7"}],"replies":[{"embeddable":true,"href":"https:\/\/jessicadire.com\/fr\/wp-json\/wp\/v2\/comments?post=3082"}],"version-history":[{"count":5,"href":"https:\/\/jessicadire.com\/fr\/wp-json\/wp\/v2\/pages\/3082\/revisions"}],"predecessor-version":[{"id":5601,"href":"https:\/\/jessicadire.com\/fr\/wp-json\/wp\/v2\/pages\/3082\/revisions\/5601"}],"wp:featuredmedia":[{"embeddable":true,"href":"https:\/\/jessicadire.com\/fr\/wp-json\/wp\/v2\/media\/3097"}],"wp:attachment":[{"href":"https:\/\/jessicadire.com\/fr\/wp-json\/wp\/v2\/media?parent=3082"}],"curies":[{"name":"wp","href":"https:\/\/api.w.org\/{rel}","templated":true}]}}