{"id":3006,"date":"2021-01-08T13:52:46","date_gmt":"2021-01-08T18:52:46","guid":{"rendered":"https:\/\/jessicadire.com\/?page_id=3006"},"modified":"2022-08-10T16:39:15","modified_gmt":"2022-08-10T21:39:15","slug":"acheteurs","status":"publish","type":"page","link":"https:\/\/jessicadire.com\/fr\/acheteurs\/","title":{"rendered":"Acheter une maison"},"content":{"rendered":"","protected":false},"excerpt":{"rendered":"","protected":false},"author":7,"featured_media":3026,"parent":0,"menu_order":0,"comment_status":"closed","ping_status":"closed","template":"page-marketing.php","meta":{"_acf_changed":false,"footnotes":""},"class_list":["post-3006","page","type-page","status-publish","has-post-thumbnail","hentry"],"acf":[],"yoast_head":"<!-- This site is optimized with the Yoast SEO plugin v27.5 - https:\/\/yoast.com\/product\/yoast-seo-wordpress\/ -->\n<title>Acheter une maison dans le grand Montr\u00e9al - \u00c9tapes \u00e0 suivre pour r\u00e9ussir!<\/title>\n<meta name=\"description\" content=\"Acheter une maison dans le march\u00e9 d&#039;aujourd&#039;hui peut \u00eatre difficile. Suivez ces \u00e9tapes pour r\u00e9ussir \u00e0 acheter la propri\u00e9t\u00e9 de vos r\u00eaves!\" \/>\n<meta name=\"robots\" content=\"index, follow, max-snippet:-1, max-image-preview:large, max-video-preview:-1\" \/>\n<link rel=\"canonical\" href=\"https:\/\/jessicadire.com\/fr\/acheteurs\/\" \/>\n<meta property=\"og:locale\" content=\"fr_FR\" \/>\n<meta property=\"og:type\" content=\"article\" \/>\n<meta property=\"og:title\" content=\"Acheter une maison dans le grand Montr\u00e9al - \u00c9tapes \u00e0 suivre pour r\u00e9ussir!\" \/>\n<meta property=\"og:description\" content=\"Acheter une maison dans le march\u00e9 d&#039;aujourd&#039;hui peut \u00eatre difficile. Suivez ces \u00e9tapes pour r\u00e9ussir \u00e0 acheter la propri\u00e9t\u00e9 de vos r\u00eaves!\" \/>\n<meta property=\"og:url\" content=\"https:\/\/jessicadire.com\/fr\/acheteurs\/\" \/>\n<meta property=\"og:site_name\" content=\"Jessica Di Re\" \/>\n<meta property=\"article:publisher\" content=\"https:\/\/www.facebook.com\/jessicadire.mtl\" \/>\n<meta property=\"article:modified_time\" content=\"2022-08-10T21:39:15+00:00\" \/>\n<meta property=\"og:image\" content=\"https:\/\/jessicadire.com\/wp-content\/uploads\/2021\/01\/buyers_bg_01.jpg\" \/>\n\t<meta property=\"og:image:width\" content=\"1980\" \/>\n\t<meta property=\"og:image:height\" content=\"1024\" \/>\n\t<meta property=\"og:image:type\" content=\"image\/jpeg\" \/>\n<meta name=\"twitter:card\" content=\"summary_large_image\" \/>\n<script type=\"application\/ld+json\" class=\"yoast-schema-graph\">{\"@context\":\"https:\\\/\\\/schema.org\",\"@graph\":[{\"@type\":\"WebPage\",\"@id\":\"https:\\\/\\\/jessicadire.com\\\/fr\\\/acheteurs\\\/\",\"url\":\"https:\\\/\\\/jessicadire.com\\\/fr\\\/acheteurs\\\/\",\"name\":\"Acheter une maison dans le grand Montr\u00e9al - \u00c9tapes \u00e0 suivre pour r\u00e9ussir!\",\"isPartOf\":{\"@id\":\"https:\\\/\\\/jessicadire.com\\\/fr\\\/#website\"},\"primaryImageOfPage\":{\"@id\":\"https:\\\/\\\/jessicadire.com\\\/fr\\\/acheteurs\\\/#primaryimage\"},\"image\":{\"@id\":\"https:\\\/\\\/jessicadire.com\\\/fr\\\/acheteurs\\\/#primaryimage\"},\"thumbnailUrl\":\"https:\\\/\\\/jessicadire.com\\\/wp-content\\\/uploads\\\/2021\\\/01\\\/buyers_bg_01.jpg\",\"datePublished\":\"2021-01-08T18:52:46+00:00\",\"dateModified\":\"2022-08-10T21:39:15+00:00\",\"description\":\"Acheter une maison dans le march\u00e9 d'aujourd'hui peut \u00eatre difficile. Suivez ces \u00e9tapes pour r\u00e9ussir \u00e0 acheter la propri\u00e9t\u00e9 de vos r\u00eaves!\",\"breadcrumb\":{\"@id\":\"https:\\\/\\\/jessicadire.com\\\/fr\\\/acheteurs\\\/#breadcrumb\"},\"inLanguage\":\"fr-FR\",\"potentialAction\":[{\"@type\":\"ReadAction\",\"target\":[\"https:\\\/\\\/jessicadire.com\\\/fr\\\/acheteurs\\\/\"]}]},{\"@type\":\"ImageObject\",\"inLanguage\":\"fr-FR\",\"@id\":\"https:\\\/\\\/jessicadire.com\\\/fr\\\/acheteurs\\\/#primaryimage\",\"url\":\"https:\\\/\\\/jessicadire.com\\\/wp-content\\\/uploads\\\/2021\\\/01\\\/buyers_bg_01.jpg\",\"contentUrl\":\"https:\\\/\\\/jessicadire.com\\\/wp-content\\\/uploads\\\/2021\\\/01\\\/buyers_bg_01.jpg\",\"width\":1980,\"height\":1024,\"caption\":\"Cover image for the buying a home page featuring a beautiful waterfront property with modern finishings for sale in the west island of montreal. Image de couverture de la page acheter une maison \u00e0 Montr\u00e9al\"},{\"@type\":\"BreadcrumbList\",\"@id\":\"https:\\\/\\\/jessicadire.com\\\/fr\\\/acheteurs\\\/#breadcrumb\",\"itemListElement\":[{\"@type\":\"ListItem\",\"position\":1,\"name\":\"Accueil\",\"item\":\"https:\\\/\\\/jessicadire.com\\\/fr\\\/\"},{\"@type\":\"ListItem\",\"position\":2,\"name\":\"Acheter une maison\"}]},{\"@type\":\"WebSite\",\"@id\":\"https:\\\/\\\/jessicadire.com\\\/fr\\\/#website\",\"url\":\"https:\\\/\\\/jessicadire.com\\\/fr\\\/\",\"name\":\"Jessicadire.com\",\"description\":\"Bespoke Service\",\"publisher\":{\"@id\":\"https:\\\/\\\/jessicadire.com\\\/fr\\\/#organization\"},\"potentialAction\":[{\"@type\":\"SearchAction\",\"target\":{\"@type\":\"EntryPoint\",\"urlTemplate\":\"https:\\\/\\\/jessicadire.com\\\/fr\\\/?s={search_term_string}\"},\"query-input\":{\"@type\":\"PropertyValueSpecification\",\"valueRequired\":true,\"valueName\":\"search_term_string\"}}],\"inLanguage\":\"fr-FR\"},{\"@type\":\"Organization\",\"@id\":\"https:\\\/\\\/jessicadire.com\\\/fr\\\/#organization\",\"name\":\"Jessica Di Re | West Island Real Estate Broker\",\"url\":\"https:\\\/\\\/jessicadire.com\\\/fr\\\/\",\"logo\":{\"@type\":\"ImageObject\",\"inLanguage\":\"fr-FR\",\"@id\":\"https:\\\/\\\/jessicadire.com\\\/fr\\\/#\\\/schema\\\/logo\\\/image\\\/\",\"url\":\"https:\\\/\\\/jessicadire.com\\\/wp-content\\\/uploads\\\/2021\\\/09\\\/JD_logo_box.png\",\"contentUrl\":\"https:\\\/\\\/jessicadire.com\\\/wp-content\\\/uploads\\\/2021\\\/09\\\/JD_logo_box.png\",\"width\":512,\"height\":512,\"caption\":\"Jessica Di Re | West Island Real Estate Broker\"},\"image\":{\"@id\":\"https:\\\/\\\/jessicadire.com\\\/fr\\\/#\\\/schema\\\/logo\\\/image\\\/\"},\"sameAs\":[\"https:\\\/\\\/www.facebook.com\\\/jessicadire.mtl\",\"https:\\\/\\\/www.instagram.com\\\/jessicadire\\\/\"]}]}<\/script>\n<!-- \/ Yoast SEO plugin. -->","yoast_head_json":{"title":"Acheter une maison dans le grand Montr\u00e9al - \u00c9tapes \u00e0 suivre pour r\u00e9ussir!","description":"Acheter une maison dans le march\u00e9 d'aujourd'hui peut \u00eatre difficile. Suivez ces \u00e9tapes pour r\u00e9ussir \u00e0 acheter la propri\u00e9t\u00e9 de vos r\u00eaves!","robots":{"index":"index","follow":"follow","max-snippet":"max-snippet:-1","max-image-preview":"max-image-preview:large","max-video-preview":"max-video-preview:-1"},"canonical":"https:\/\/jessicadire.com\/fr\/acheteurs\/","og_locale":"fr_FR","og_type":"article","og_title":"Acheter une maison dans le grand Montr\u00e9al - \u00c9tapes \u00e0 suivre pour r\u00e9ussir!","og_description":"Acheter une maison dans le march\u00e9 d'aujourd'hui peut \u00eatre difficile. Suivez ces \u00e9tapes pour r\u00e9ussir \u00e0 acheter la propri\u00e9t\u00e9 de vos r\u00eaves!","og_url":"https:\/\/jessicadire.com\/fr\/acheteurs\/","og_site_name":"Jessica Di Re","article_publisher":"https:\/\/www.facebook.com\/jessicadire.mtl","article_modified_time":"2022-08-10T21:39:15+00:00","og_image":[{"width":1980,"height":1024,"url":"https:\/\/jessicadire.com\/wp-content\/uploads\/2021\/01\/buyers_bg_01.jpg","type":"image\/jpeg"}],"twitter_card":"summary_large_image","schema":{"@context":"https:\/\/schema.org","@graph":[{"@type":"WebPage","@id":"https:\/\/jessicadire.com\/fr\/acheteurs\/","url":"https:\/\/jessicadire.com\/fr\/acheteurs\/","name":"Acheter une maison dans le grand Montr\u00e9al - \u00c9tapes \u00e0 suivre pour r\u00e9ussir!","isPartOf":{"@id":"https:\/\/jessicadire.com\/fr\/#website"},"primaryImageOfPage":{"@id":"https:\/\/jessicadire.com\/fr\/acheteurs\/#primaryimage"},"image":{"@id":"https:\/\/jessicadire.com\/fr\/acheteurs\/#primaryimage"},"thumbnailUrl":"https:\/\/jessicadire.com\/wp-content\/uploads\/2021\/01\/buyers_bg_01.jpg","datePublished":"2021-01-08T18:52:46+00:00","dateModified":"2022-08-10T21:39:15+00:00","description":"Acheter une maison dans le march\u00e9 d'aujourd'hui peut \u00eatre difficile. Suivez ces \u00e9tapes pour r\u00e9ussir \u00e0 acheter la propri\u00e9t\u00e9 de vos r\u00eaves!","breadcrumb":{"@id":"https:\/\/jessicadire.com\/fr\/acheteurs\/#breadcrumb"},"inLanguage":"fr-FR","potentialAction":[{"@type":"ReadAction","target":["https:\/\/jessicadire.com\/fr\/acheteurs\/"]}]},{"@type":"ImageObject","inLanguage":"fr-FR","@id":"https:\/\/jessicadire.com\/fr\/acheteurs\/#primaryimage","url":"https:\/\/jessicadire.com\/wp-content\/uploads\/2021\/01\/buyers_bg_01.jpg","contentUrl":"https:\/\/jessicadire.com\/wp-content\/uploads\/2021\/01\/buyers_bg_01.jpg","width":1980,"height":1024,"caption":"Cover image for the buying a home page featuring a beautiful waterfront property with modern finishings for sale in the west island of montreal. Image de couverture de la page acheter une maison \u00e0 Montr\u00e9al"},{"@type":"BreadcrumbList","@id":"https:\/\/jessicadire.com\/fr\/acheteurs\/#breadcrumb","itemListElement":[{"@type":"ListItem","position":1,"name":"Accueil","item":"https:\/\/jessicadire.com\/fr\/"},{"@type":"ListItem","position":2,"name":"Acheter une maison"}]},{"@type":"WebSite","@id":"https:\/\/jessicadire.com\/fr\/#website","url":"https:\/\/jessicadire.com\/fr\/","name":"Jessicadire.com","description":"Bespoke Service","publisher":{"@id":"https:\/\/jessicadire.com\/fr\/#organization"},"potentialAction":[{"@type":"SearchAction","target":{"@type":"EntryPoint","urlTemplate":"https:\/\/jessicadire.com\/fr\/?s={search_term_string}"},"query-input":{"@type":"PropertyValueSpecification","valueRequired":true,"valueName":"search_term_string"}}],"inLanguage":"fr-FR"},{"@type":"Organization","@id":"https:\/\/jessicadire.com\/fr\/#organization","name":"Jessica Di Re | West Island Real Estate Broker","url":"https:\/\/jessicadire.com\/fr\/","logo":{"@type":"ImageObject","inLanguage":"fr-FR","@id":"https:\/\/jessicadire.com\/fr\/#\/schema\/logo\/image\/","url":"https:\/\/jessicadire.com\/wp-content\/uploads\/2021\/09\/JD_logo_box.png","contentUrl":"https:\/\/jessicadire.com\/wp-content\/uploads\/2021\/09\/JD_logo_box.png","width":512,"height":512,"caption":"Jessica Di Re | West Island Real Estate Broker"},"image":{"@id":"https:\/\/jessicadire.com\/fr\/#\/schema\/logo\/image\/"},"sameAs":["https:\/\/www.facebook.com\/jessicadire.mtl","https:\/\/www.instagram.com\/jessicadire\/"]}]}},"_links":{"self":[{"href":"https:\/\/jessicadire.com\/fr\/wp-json\/wp\/v2\/pages\/3006","targetHints":{"allow":["GET"]}}],"collection":[{"href":"https:\/\/jessicadire.com\/fr\/wp-json\/wp\/v2\/pages"}],"about":[{"href":"https:\/\/jessicadire.com\/fr\/wp-json\/wp\/v2\/types\/page"}],"author":[{"embeddable":true,"href":"https:\/\/jessicadire.com\/fr\/wp-json\/wp\/v2\/users\/7"}],"replies":[{"embeddable":true,"href":"https:\/\/jessicadire.com\/fr\/wp-json\/wp\/v2\/comments?post=3006"}],"version-history":[{"count":5,"href":"https:\/\/jessicadire.com\/fr\/wp-json\/wp\/v2\/pages\/3006\/revisions"}],"predecessor-version":[{"id":5599,"href":"https:\/\/jessicadire.com\/fr\/wp-json\/wp\/v2\/pages\/3006\/revisions\/5599"}],"wp:featuredmedia":[{"embeddable":true,"href":"https:\/\/jessicadire.com\/fr\/wp-json\/wp\/v2\/media\/3026"}],"wp:attachment":[{"href":"https:\/\/jessicadire.com\/fr\/wp-json\/wp\/v2\/media?parent=3006"}],"curies":[{"name":"wp","href":"https:\/\/api.w.org\/{rel}","templated":true}]}}