{"id":2926,"date":"2021-01-07T14:54:37","date_gmt":"2021-01-07T19:54:37","guid":{"rendered":"https:\/\/jessicadire.com\/?page_id=2926"},"modified":"2022-05-19T15:46:10","modified_gmt":"2022-05-19T20:46:10","slug":"vendeurs","status":"publish","type":"page","link":"https:\/\/jessicadire.com\/fr\/vendeurs\/","title":{"rendered":"Vendeurs"},"content":{"rendered":"","protected":false},"excerpt":{"rendered":"","protected":false},"author":7,"featured_media":3000,"parent":0,"menu_order":0,"comment_status":"closed","ping_status":"closed","template":"page-marketing.php","meta":{"_acf_changed":false,"footnotes":""},"class_list":["post-2926","page","type-page","status-publish","has-post-thumbnail","hentry"],"acf":[],"yoast_head":"<!-- This site is optimized with the Yoast SEO plugin v27.6 - https:\/\/yoast.com\/product\/yoast-seo-wordpress\/ -->\n<title>Vendeurs - Jessica Di Re<\/title>\n<meta name=\"description\" content=\"\u00c9tablie et reconnue dans la communaut\u00e9 comme courtier de style de vie, Jessica est connue pour son service professionnel et personnalis\u00e9 qu\u2019elle offre \u00e0 ses clients \u00e0 chaque \u00e9tape de leur parcours immobilier, que ce soit pour acheter leur premi\u00e8re maison, ou pour des investisseurs immobiliers chevronn\u00e9s.\" \/>\n<meta name=\"robots\" content=\"index, follow, max-snippet:-1, max-image-preview:large, max-video-preview:-1\" \/>\n<link rel=\"canonical\" href=\"https:\/\/jessicadire.com\/fr\/vendeurs\/\" \/>\n<meta property=\"og:locale\" content=\"fr_FR\" \/>\n<meta property=\"og:type\" content=\"article\" \/>\n<meta property=\"og:title\" content=\"Vendeurs - Jessica Di Re\" \/>\n<meta property=\"og:description\" content=\"\u00c9tablie et reconnue dans la communaut\u00e9 comme courtier de style de vie, Jessica est connue pour son service professionnel et personnalis\u00e9 qu\u2019elle offre \u00e0 ses clients \u00e0 chaque \u00e9tape de leur parcours immobilier, que ce soit pour acheter leur premi\u00e8re maison, ou pour des investisseurs immobiliers chevronn\u00e9s.\" \/>\n<meta property=\"og:url\" content=\"https:\/\/jessicadire.com\/fr\/vendeurs\/\" \/>\n<meta property=\"og:site_name\" content=\"Jessica Di Re\" \/>\n<meta property=\"article:publisher\" content=\"https:\/\/www.facebook.com\/jessicadire.mtl\" \/>\n<meta property=\"article:modified_time\" content=\"2022-05-19T20:46:10+00:00\" \/>\n<meta property=\"og:image\" content=\"https:\/\/jessicadire.com\/wp-content\/uploads\/2021\/01\/selling_bg_01.jpg\" \/>\n\t<meta property=\"og:image:width\" content=\"1980\" \/>\n\t<meta property=\"og:image:height\" content=\"871\" \/>\n\t<meta property=\"og:image:type\" content=\"image\/jpeg\" \/>\n<meta name=\"twitter:card\" content=\"summary_large_image\" \/>\n<script type=\"application\/ld+json\" class=\"yoast-schema-graph\">{\"@context\":\"https:\\\/\\\/schema.org\",\"@graph\":[{\"@type\":\"WebPage\",\"@id\":\"https:\\\/\\\/jessicadire.com\\\/fr\\\/vendeurs\\\/\",\"url\":\"https:\\\/\\\/jessicadire.com\\\/fr\\\/vendeurs\\\/\",\"name\":\"Vendeurs - Jessica Di Re\",\"isPartOf\":{\"@id\":\"https:\\\/\\\/jessicadire.com\\\/fr\\\/#website\"},\"primaryImageOfPage\":{\"@id\":\"https:\\\/\\\/jessicadire.com\\\/fr\\\/vendeurs\\\/#primaryimage\"},\"image\":{\"@id\":\"https:\\\/\\\/jessicadire.com\\\/fr\\\/vendeurs\\\/#primaryimage\"},\"thumbnailUrl\":\"https:\\\/\\\/jessicadire.com\\\/wp-content\\\/uploads\\\/2021\\\/01\\\/selling_bg_01.jpg\",\"datePublished\":\"2021-01-07T19:54:37+00:00\",\"dateModified\":\"2022-05-19T20:46:10+00:00\",\"description\":\"\u00c9tablie et reconnue dans la communaut\u00e9 comme courtier de style de vie, Jessica est connue pour son service professionnel et personnalis\u00e9 qu\u2019elle offre \u00e0 ses clients \u00e0 chaque \u00e9tape de leur parcours immobilier, que ce soit pour acheter leur premi\u00e8re maison, ou pour des investisseurs immobiliers chevronn\u00e9s.\",\"breadcrumb\":{\"@id\":\"https:\\\/\\\/jessicadire.com\\\/fr\\\/vendeurs\\\/#breadcrumb\"},\"inLanguage\":\"fr-FR\",\"potentialAction\":[{\"@type\":\"ReadAction\",\"target\":[\"https:\\\/\\\/jessicadire.com\\\/fr\\\/vendeurs\\\/\"]}]},{\"@type\":\"ImageObject\",\"inLanguage\":\"fr-FR\",\"@id\":\"https:\\\/\\\/jessicadire.com\\\/fr\\\/vendeurs\\\/#primaryimage\",\"url\":\"https:\\\/\\\/jessicadire.com\\\/wp-content\\\/uploads\\\/2021\\\/01\\\/selling_bg_01.jpg\",\"contentUrl\":\"https:\\\/\\\/jessicadire.com\\\/wp-content\\\/uploads\\\/2021\\\/01\\\/selling_bg_01.jpg\",\"width\":1980,\"height\":871},{\"@type\":\"BreadcrumbList\",\"@id\":\"https:\\\/\\\/jessicadire.com\\\/fr\\\/vendeurs\\\/#breadcrumb\",\"itemListElement\":[{\"@type\":\"ListItem\",\"position\":1,\"name\":\"Accueil\",\"item\":\"https:\\\/\\\/jessicadire.com\\\/fr\\\/\"},{\"@type\":\"ListItem\",\"position\":2,\"name\":\"Vendeurs\"}]},{\"@type\":\"WebSite\",\"@id\":\"https:\\\/\\\/jessicadire.com\\\/fr\\\/#website\",\"url\":\"https:\\\/\\\/jessicadire.com\\\/fr\\\/\",\"name\":\"Jessicadire.com\",\"description\":\"Bespoke Service\",\"publisher\":{\"@id\":\"https:\\\/\\\/jessicadire.com\\\/fr\\\/#organization\"},\"potentialAction\":[{\"@type\":\"SearchAction\",\"target\":{\"@type\":\"EntryPoint\",\"urlTemplate\":\"https:\\\/\\\/jessicadire.com\\\/fr\\\/?s={search_term_string}\"},\"query-input\":{\"@type\":\"PropertyValueSpecification\",\"valueRequired\":true,\"valueName\":\"search_term_string\"}}],\"inLanguage\":\"fr-FR\"},{\"@type\":\"Organization\",\"@id\":\"https:\\\/\\\/jessicadire.com\\\/fr\\\/#organization\",\"name\":\"Jessica Di Re | West Island Real Estate Broker\",\"url\":\"https:\\\/\\\/jessicadire.com\\\/fr\\\/\",\"logo\":{\"@type\":\"ImageObject\",\"inLanguage\":\"fr-FR\",\"@id\":\"https:\\\/\\\/jessicadire.com\\\/fr\\\/#\\\/schema\\\/logo\\\/image\\\/\",\"url\":\"https:\\\/\\\/jessicadire.com\\\/wp-content\\\/uploads\\\/2021\\\/09\\\/JD_logo_box.png\",\"contentUrl\":\"https:\\\/\\\/jessicadire.com\\\/wp-content\\\/uploads\\\/2021\\\/09\\\/JD_logo_box.png\",\"width\":512,\"height\":512,\"caption\":\"Jessica Di Re | West Island Real Estate Broker\"},\"image\":{\"@id\":\"https:\\\/\\\/jessicadire.com\\\/fr\\\/#\\\/schema\\\/logo\\\/image\\\/\"},\"sameAs\":[\"https:\\\/\\\/www.facebook.com\\\/jessicadire.mtl\",\"https:\\\/\\\/www.instagram.com\\\/jessicadire\\\/\"]}]}<\/script>\n<!-- \/ Yoast SEO plugin. -->","yoast_head_json":{"title":"Vendeurs - Jessica Di Re","description":"\u00c9tablie et reconnue dans la communaut\u00e9 comme courtier de style de vie, Jessica est connue pour son service professionnel et personnalis\u00e9 qu\u2019elle offre \u00e0 ses clients \u00e0 chaque \u00e9tape de leur parcours immobilier, que ce soit pour acheter leur premi\u00e8re maison, ou pour des investisseurs immobiliers chevronn\u00e9s.","robots":{"index":"index","follow":"follow","max-snippet":"max-snippet:-1","max-image-preview":"max-image-preview:large","max-video-preview":"max-video-preview:-1"},"canonical":"https:\/\/jessicadire.com\/fr\/vendeurs\/","og_locale":"fr_FR","og_type":"article","og_title":"Vendeurs - Jessica Di Re","og_description":"\u00c9tablie et reconnue dans la communaut\u00e9 comme courtier de style de vie, Jessica est connue pour son service professionnel et personnalis\u00e9 qu\u2019elle offre \u00e0 ses clients \u00e0 chaque \u00e9tape de leur parcours immobilier, que ce soit pour acheter leur premi\u00e8re maison, ou pour des investisseurs immobiliers chevronn\u00e9s.","og_url":"https:\/\/jessicadire.com\/fr\/vendeurs\/","og_site_name":"Jessica Di Re","article_publisher":"https:\/\/www.facebook.com\/jessicadire.mtl","article_modified_time":"2022-05-19T20:46:10+00:00","og_image":[{"width":1980,"height":871,"url":"https:\/\/jessicadire.com\/wp-content\/uploads\/2021\/01\/selling_bg_01.jpg","type":"image\/jpeg"}],"twitter_card":"summary_large_image","schema":{"@context":"https:\/\/schema.org","@graph":[{"@type":"WebPage","@id":"https:\/\/jessicadire.com\/fr\/vendeurs\/","url":"https:\/\/jessicadire.com\/fr\/vendeurs\/","name":"Vendeurs - Jessica Di Re","isPartOf":{"@id":"https:\/\/jessicadire.com\/fr\/#website"},"primaryImageOfPage":{"@id":"https:\/\/jessicadire.com\/fr\/vendeurs\/#primaryimage"},"image":{"@id":"https:\/\/jessicadire.com\/fr\/vendeurs\/#primaryimage"},"thumbnailUrl":"https:\/\/jessicadire.com\/wp-content\/uploads\/2021\/01\/selling_bg_01.jpg","datePublished":"2021-01-07T19:54:37+00:00","dateModified":"2022-05-19T20:46:10+00:00","description":"\u00c9tablie et reconnue dans la communaut\u00e9 comme courtier de style de vie, Jessica est connue pour son service professionnel et personnalis\u00e9 qu\u2019elle offre \u00e0 ses clients \u00e0 chaque \u00e9tape de leur parcours immobilier, que ce soit pour acheter leur premi\u00e8re maison, ou pour des investisseurs immobiliers chevronn\u00e9s.","breadcrumb":{"@id":"https:\/\/jessicadire.com\/fr\/vendeurs\/#breadcrumb"},"inLanguage":"fr-FR","potentialAction":[{"@type":"ReadAction","target":["https:\/\/jessicadire.com\/fr\/vendeurs\/"]}]},{"@type":"ImageObject","inLanguage":"fr-FR","@id":"https:\/\/jessicadire.com\/fr\/vendeurs\/#primaryimage","url":"https:\/\/jessicadire.com\/wp-content\/uploads\/2021\/01\/selling_bg_01.jpg","contentUrl":"https:\/\/jessicadire.com\/wp-content\/uploads\/2021\/01\/selling_bg_01.jpg","width":1980,"height":871},{"@type":"BreadcrumbList","@id":"https:\/\/jessicadire.com\/fr\/vendeurs\/#breadcrumb","itemListElement":[{"@type":"ListItem","position":1,"name":"Accueil","item":"https:\/\/jessicadire.com\/fr\/"},{"@type":"ListItem","position":2,"name":"Vendeurs"}]},{"@type":"WebSite","@id":"https:\/\/jessicadire.com\/fr\/#website","url":"https:\/\/jessicadire.com\/fr\/","name":"Jessicadire.com","description":"Bespoke Service","publisher":{"@id":"https:\/\/jessicadire.com\/fr\/#organization"},"potentialAction":[{"@type":"SearchAction","target":{"@type":"EntryPoint","urlTemplate":"https:\/\/jessicadire.com\/fr\/?s={search_term_string}"},"query-input":{"@type":"PropertyValueSpecification","valueRequired":true,"valueName":"search_term_string"}}],"inLanguage":"fr-FR"},{"@type":"Organization","@id":"https:\/\/jessicadire.com\/fr\/#organization","name":"Jessica Di Re | West Island Real Estate Broker","url":"https:\/\/jessicadire.com\/fr\/","logo":{"@type":"ImageObject","inLanguage":"fr-FR","@id":"https:\/\/jessicadire.com\/fr\/#\/schema\/logo\/image\/","url":"https:\/\/jessicadire.com\/wp-content\/uploads\/2021\/09\/JD_logo_box.png","contentUrl":"https:\/\/jessicadire.com\/wp-content\/uploads\/2021\/09\/JD_logo_box.png","width":512,"height":512,"caption":"Jessica Di Re | West Island Real Estate Broker"},"image":{"@id":"https:\/\/jessicadire.com\/fr\/#\/schema\/logo\/image\/"},"sameAs":["https:\/\/www.facebook.com\/jessicadire.mtl","https:\/\/www.instagram.com\/jessicadire\/"]}]}},"_links":{"self":[{"href":"https:\/\/jessicadire.com\/fr\/wp-json\/wp\/v2\/pages\/2926","targetHints":{"allow":["GET"]}}],"collection":[{"href":"https:\/\/jessicadire.com\/fr\/wp-json\/wp\/v2\/pages"}],"about":[{"href":"https:\/\/jessicadire.com\/fr\/wp-json\/wp\/v2\/types\/page"}],"author":[{"embeddable":true,"href":"https:\/\/jessicadire.com\/fr\/wp-json\/wp\/v2\/users\/7"}],"replies":[{"embeddable":true,"href":"https:\/\/jessicadire.com\/fr\/wp-json\/wp\/v2\/comments?post=2926"}],"version-history":[{"count":5,"href":"https:\/\/jessicadire.com\/fr\/wp-json\/wp\/v2\/pages\/2926\/revisions"}],"predecessor-version":[{"id":4751,"href":"https:\/\/jessicadire.com\/fr\/wp-json\/wp\/v2\/pages\/2926\/revisions\/4751"}],"wp:featuredmedia":[{"embeddable":true,"href":"https:\/\/jessicadire.com\/fr\/wp-json\/wp\/v2\/media\/3000"}],"wp:attachment":[{"href":"https:\/\/jessicadire.com\/fr\/wp-json\/wp\/v2\/media?parent=2926"}],"curies":[{"name":"wp","href":"https:\/\/api.w.org\/{rel}","templated":true}]}}