{"id":2915,"date":"2021-01-06T14:58:58","date_gmt":"2021-01-06T19:58:58","guid":{"rendered":"https:\/\/jessicadire.com\/?page_id=2915"},"modified":"2022-08-19T09:47:24","modified_gmt":"2022-08-19T14:47:24","slug":"media","status":"publish","type":"page","link":"https:\/\/jessicadire.com\/fr\/media\/","title":{"rendered":"Parution dans les m\u00e9dias"},"content":{"rendered":"","protected":false},"excerpt":{"rendered":"","protected":false},"author":7,"featured_media":2919,"parent":0,"menu_order":0,"comment_status":"closed","ping_status":"open","template":"page-media.php","meta":{"_acf_changed":false,"footnotes":""},"class_list":["post-2915","page","type-page","status-publish","has-post-thumbnail","hentry"],"acf":[],"yoast_head":"<!-- This site is optimized with the Yoast SEO plugin v27.5 - https:\/\/yoast.com\/product\/yoast-seo-wordpress\/ -->\n<title>Explorez les r\u00e9centes parutions dans les m\u00e9dias de Jessica Di Re<\/title>\n<meta name=\"description\" content=\"Magazines, journaux, podcasts, sites internet de renomm\u00e9e, d\u00e9couvrez mes plus r\u00e9centes parutions dans les m\u00e9dias locaux et internationaux.\" \/>\n<meta name=\"robots\" content=\"index, follow, max-snippet:-1, max-image-preview:large, max-video-preview:-1\" \/>\n<link rel=\"canonical\" href=\"https:\/\/jessicadire.com\/fr\/media\/\" \/>\n<meta property=\"og:locale\" content=\"fr_FR\" \/>\n<meta property=\"og:type\" content=\"article\" \/>\n<meta property=\"og:title\" content=\"Explorez les r\u00e9centes parutions dans les m\u00e9dias de Jessica Di Re\" \/>\n<meta property=\"og:description\" content=\"Magazines, journaux, podcasts, sites internet de renomm\u00e9e, d\u00e9couvrez mes plus r\u00e9centes parutions dans les m\u00e9dias locaux et internationaux.\" \/>\n<meta property=\"og:url\" content=\"https:\/\/jessicadire.com\/fr\/media\/\" \/>\n<meta property=\"og:site_name\" content=\"Jessica Di Re\" \/>\n<meta property=\"article:publisher\" content=\"https:\/\/www.facebook.com\/jessicadire.mtl\" \/>\n<meta property=\"article:modified_time\" content=\"2022-08-19T14:47:24+00:00\" \/>\n<meta property=\"og:image\" content=\"https:\/\/jessicadire.com\/wp-content\/uploads\/2021\/01\/media_bg.jpeg\" \/>\n\t<meta property=\"og:image:width\" content=\"1980\" \/>\n\t<meta property=\"og:image:height\" content=\"1081\" \/>\n\t<meta property=\"og:image:type\" content=\"image\/jpeg\" \/>\n<meta name=\"twitter:card\" content=\"summary_large_image\" \/>\n<script type=\"application\/ld+json\" class=\"yoast-schema-graph\">{\"@context\":\"https:\\\/\\\/schema.org\",\"@graph\":[{\"@type\":\"WebPage\",\"@id\":\"https:\\\/\\\/jessicadire.com\\\/fr\\\/media\\\/\",\"url\":\"https:\\\/\\\/jessicadire.com\\\/fr\\\/media\\\/\",\"name\":\"Explorez les r\u00e9centes parutions dans les m\u00e9dias de Jessica Di Re\",\"isPartOf\":{\"@id\":\"https:\\\/\\\/jessicadire.com\\\/fr\\\/#website\"},\"primaryImageOfPage\":{\"@id\":\"https:\\\/\\\/jessicadire.com\\\/fr\\\/media\\\/#primaryimage\"},\"image\":{\"@id\":\"https:\\\/\\\/jessicadire.com\\\/fr\\\/media\\\/#primaryimage\"},\"thumbnailUrl\":\"https:\\\/\\\/jessicadire.com\\\/wp-content\\\/uploads\\\/2021\\\/01\\\/media_bg.jpeg\",\"datePublished\":\"2021-01-06T19:58:58+00:00\",\"dateModified\":\"2022-08-19T14:47:24+00:00\",\"description\":\"Magazines, journaux, podcasts, sites internet de renomm\u00e9e, d\u00e9couvrez mes plus r\u00e9centes parutions dans les m\u00e9dias locaux et internationaux.\",\"breadcrumb\":{\"@id\":\"https:\\\/\\\/jessicadire.com\\\/fr\\\/media\\\/#breadcrumb\"},\"inLanguage\":\"fr-FR\",\"potentialAction\":[{\"@type\":\"ReadAction\",\"target\":[\"https:\\\/\\\/jessicadire.com\\\/fr\\\/media\\\/\"]}]},{\"@type\":\"ImageObject\",\"inLanguage\":\"fr-FR\",\"@id\":\"https:\\\/\\\/jessicadire.com\\\/fr\\\/media\\\/#primaryimage\",\"url\":\"https:\\\/\\\/jessicadire.com\\\/wp-content\\\/uploads\\\/2021\\\/01\\\/media_bg.jpeg\",\"contentUrl\":\"https:\\\/\\\/jessicadire.com\\\/wp-content\\\/uploads\\\/2021\\\/01\\\/media_bg.jpeg\",\"width\":1980,\"height\":1081},{\"@type\":\"BreadcrumbList\",\"@id\":\"https:\\\/\\\/jessicadire.com\\\/fr\\\/media\\\/#breadcrumb\",\"itemListElement\":[{\"@type\":\"ListItem\",\"position\":1,\"name\":\"Accueil\",\"item\":\"https:\\\/\\\/jessicadire.com\\\/fr\\\/\"},{\"@type\":\"ListItem\",\"position\":2,\"name\":\"Parution dans les m\u00e9dias\"}]},{\"@type\":\"WebSite\",\"@id\":\"https:\\\/\\\/jessicadire.com\\\/fr\\\/#website\",\"url\":\"https:\\\/\\\/jessicadire.com\\\/fr\\\/\",\"name\":\"Jessicadire.com\",\"description\":\"Bespoke Service\",\"publisher\":{\"@id\":\"https:\\\/\\\/jessicadire.com\\\/fr\\\/#organization\"},\"potentialAction\":[{\"@type\":\"SearchAction\",\"target\":{\"@type\":\"EntryPoint\",\"urlTemplate\":\"https:\\\/\\\/jessicadire.com\\\/fr\\\/?s={search_term_string}\"},\"query-input\":{\"@type\":\"PropertyValueSpecification\",\"valueRequired\":true,\"valueName\":\"search_term_string\"}}],\"inLanguage\":\"fr-FR\"},{\"@type\":\"Organization\",\"@id\":\"https:\\\/\\\/jessicadire.com\\\/fr\\\/#organization\",\"name\":\"Jessica Di Re | West Island Real Estate Broker\",\"url\":\"https:\\\/\\\/jessicadire.com\\\/fr\\\/\",\"logo\":{\"@type\":\"ImageObject\",\"inLanguage\":\"fr-FR\",\"@id\":\"https:\\\/\\\/jessicadire.com\\\/fr\\\/#\\\/schema\\\/logo\\\/image\\\/\",\"url\":\"https:\\\/\\\/jessicadire.com\\\/wp-content\\\/uploads\\\/2021\\\/09\\\/JD_logo_box.png\",\"contentUrl\":\"https:\\\/\\\/jessicadire.com\\\/wp-content\\\/uploads\\\/2021\\\/09\\\/JD_logo_box.png\",\"width\":512,\"height\":512,\"caption\":\"Jessica Di Re | West Island Real Estate Broker\"},\"image\":{\"@id\":\"https:\\\/\\\/jessicadire.com\\\/fr\\\/#\\\/schema\\\/logo\\\/image\\\/\"},\"sameAs\":[\"https:\\\/\\\/www.facebook.com\\\/jessicadire.mtl\",\"https:\\\/\\\/www.instagram.com\\\/jessicadire\\\/\"]}]}<\/script>\n<!-- \/ Yoast SEO plugin. -->","yoast_head_json":{"title":"Explorez les r\u00e9centes parutions dans les m\u00e9dias de Jessica Di Re","description":"Magazines, journaux, podcasts, sites internet de renomm\u00e9e, d\u00e9couvrez mes plus r\u00e9centes parutions dans les m\u00e9dias locaux et internationaux.","robots":{"index":"index","follow":"follow","max-snippet":"max-snippet:-1","max-image-preview":"max-image-preview:large","max-video-preview":"max-video-preview:-1"},"canonical":"https:\/\/jessicadire.com\/fr\/media\/","og_locale":"fr_FR","og_type":"article","og_title":"Explorez les r\u00e9centes parutions dans les m\u00e9dias de Jessica Di Re","og_description":"Magazines, journaux, podcasts, sites internet de renomm\u00e9e, d\u00e9couvrez mes plus r\u00e9centes parutions dans les m\u00e9dias locaux et internationaux.","og_url":"https:\/\/jessicadire.com\/fr\/media\/","og_site_name":"Jessica Di Re","article_publisher":"https:\/\/www.facebook.com\/jessicadire.mtl","article_modified_time":"2022-08-19T14:47:24+00:00","og_image":[{"width":1980,"height":1081,"url":"https:\/\/jessicadire.com\/wp-content\/uploads\/2021\/01\/media_bg.jpeg","type":"image\/jpeg"}],"twitter_card":"summary_large_image","schema":{"@context":"https:\/\/schema.org","@graph":[{"@type":"WebPage","@id":"https:\/\/jessicadire.com\/fr\/media\/","url":"https:\/\/jessicadire.com\/fr\/media\/","name":"Explorez les r\u00e9centes parutions dans les m\u00e9dias de Jessica Di Re","isPartOf":{"@id":"https:\/\/jessicadire.com\/fr\/#website"},"primaryImageOfPage":{"@id":"https:\/\/jessicadire.com\/fr\/media\/#primaryimage"},"image":{"@id":"https:\/\/jessicadire.com\/fr\/media\/#primaryimage"},"thumbnailUrl":"https:\/\/jessicadire.com\/wp-content\/uploads\/2021\/01\/media_bg.jpeg","datePublished":"2021-01-06T19:58:58+00:00","dateModified":"2022-08-19T14:47:24+00:00","description":"Magazines, journaux, podcasts, sites internet de renomm\u00e9e, d\u00e9couvrez mes plus r\u00e9centes parutions dans les m\u00e9dias locaux et internationaux.","breadcrumb":{"@id":"https:\/\/jessicadire.com\/fr\/media\/#breadcrumb"},"inLanguage":"fr-FR","potentialAction":[{"@type":"ReadAction","target":["https:\/\/jessicadire.com\/fr\/media\/"]}]},{"@type":"ImageObject","inLanguage":"fr-FR","@id":"https:\/\/jessicadire.com\/fr\/media\/#primaryimage","url":"https:\/\/jessicadire.com\/wp-content\/uploads\/2021\/01\/media_bg.jpeg","contentUrl":"https:\/\/jessicadire.com\/wp-content\/uploads\/2021\/01\/media_bg.jpeg","width":1980,"height":1081},{"@type":"BreadcrumbList","@id":"https:\/\/jessicadire.com\/fr\/media\/#breadcrumb","itemListElement":[{"@type":"ListItem","position":1,"name":"Accueil","item":"https:\/\/jessicadire.com\/fr\/"},{"@type":"ListItem","position":2,"name":"Parution dans les m\u00e9dias"}]},{"@type":"WebSite","@id":"https:\/\/jessicadire.com\/fr\/#website","url":"https:\/\/jessicadire.com\/fr\/","name":"Jessicadire.com","description":"Bespoke Service","publisher":{"@id":"https:\/\/jessicadire.com\/fr\/#organization"},"potentialAction":[{"@type":"SearchAction","target":{"@type":"EntryPoint","urlTemplate":"https:\/\/jessicadire.com\/fr\/?s={search_term_string}"},"query-input":{"@type":"PropertyValueSpecification","valueRequired":true,"valueName":"search_term_string"}}],"inLanguage":"fr-FR"},{"@type":"Organization","@id":"https:\/\/jessicadire.com\/fr\/#organization","name":"Jessica Di Re | West Island Real Estate Broker","url":"https:\/\/jessicadire.com\/fr\/","logo":{"@type":"ImageObject","inLanguage":"fr-FR","@id":"https:\/\/jessicadire.com\/fr\/#\/schema\/logo\/image\/","url":"https:\/\/jessicadire.com\/wp-content\/uploads\/2021\/09\/JD_logo_box.png","contentUrl":"https:\/\/jessicadire.com\/wp-content\/uploads\/2021\/09\/JD_logo_box.png","width":512,"height":512,"caption":"Jessica Di Re | West Island Real Estate Broker"},"image":{"@id":"https:\/\/jessicadire.com\/fr\/#\/schema\/logo\/image\/"},"sameAs":["https:\/\/www.facebook.com\/jessicadire.mtl","https:\/\/www.instagram.com\/jessicadire\/"]}]}},"_links":{"self":[{"href":"https:\/\/jessicadire.com\/fr\/wp-json\/wp\/v2\/pages\/2915","targetHints":{"allow":["GET"]}}],"collection":[{"href":"https:\/\/jessicadire.com\/fr\/wp-json\/wp\/v2\/pages"}],"about":[{"href":"https:\/\/jessicadire.com\/fr\/wp-json\/wp\/v2\/types\/page"}],"author":[{"embeddable":true,"href":"https:\/\/jessicadire.com\/fr\/wp-json\/wp\/v2\/users\/7"}],"replies":[{"embeddable":true,"href":"https:\/\/jessicadire.com\/fr\/wp-json\/wp\/v2\/comments?post=2915"}],"version-history":[{"count":5,"href":"https:\/\/jessicadire.com\/fr\/wp-json\/wp\/v2\/pages\/2915\/revisions"}],"predecessor-version":[{"id":5673,"href":"https:\/\/jessicadire.com\/fr\/wp-json\/wp\/v2\/pages\/2915\/revisions\/5673"}],"wp:featuredmedia":[{"embeddable":true,"href":"https:\/\/jessicadire.com\/fr\/wp-json\/wp\/v2\/media\/2919"}],"wp:attachment":[{"href":"https:\/\/jessicadire.com\/fr\/wp-json\/wp\/v2\/media?parent=2915"}],"curies":[{"name":"wp","href":"https:\/\/api.w.org\/{rel}","templated":true}]}}